{"id":385,"date":"2019-05-23T22:07:06","date_gmt":"2019-05-23T22:07:06","guid":{"rendered":"http:\/\/novo.conservacao2.com\/wordpress\/?page_id=385"},"modified":"2020-03-20T12:13:57","modified_gmt":"2020-03-20T12:13:57","slug":"conserva-preventiva","status":"publish","type":"page","link":"http:\/\/novo.conservacao2.com\/wordpress\/pt\/conserva-preventiva\/","title":{"rendered":"Conserva\u00e7\u00e3o Preventiva e Gest\u00e3o de Colec\u00e7\u00f5es"},"content":{"rendered":"","protected":false},"excerpt":{"rendered":"","protected":false},"author":1,"featured_media":0,"parent":0,"menu_order":0,"comment_status":"closed","ping_status":"closed","template":"","meta":{"_monsterinsights_skip_tracking":false,"_monsterinsights_sitenote_active":false,"_monsterinsights_sitenote_note":"","_monsterinsights_sitenote_category":0,"_vp_format_video_url":"","_vp_image_focal_point":[]},"_links":{"self":[{"href":"http:\/\/novo.conservacao2.com\/wordpress\/wp-json\/wp\/v2\/pages\/385"}],"collection":[{"href":"http:\/\/novo.conservacao2.com\/wordpress\/wp-json\/wp\/v2\/pages"}],"about":[{"href":"http:\/\/novo.conservacao2.com\/wordpress\/wp-json\/wp\/v2\/types\/page"}],"author":[{"embeddable":true,"href":"http:\/\/novo.conservacao2.com\/wordpress\/wp-json\/wp\/v2\/users\/1"}],"replies":[{"embeddable":true,"href":"http:\/\/novo.conservacao2.com\/wordpress\/wp-json\/wp\/v2\/comments?post=385"}],"version-history":[{"count":2,"href":"http:\/\/novo.conservacao2.com\/wordpress\/wp-json\/wp\/v2\/pages\/385\/revisions"}],"predecessor-version":[{"id":566,"href":"http:\/\/novo.conservacao2.com\/wordpress\/wp-json\/wp\/v2\/pages\/385\/revisions\/566"}],"wp:attachment":[{"href":"http:\/\/novo.conservacao2.com\/wordpress\/wp-json\/wp\/v2\/media?parent=385"}],"curies":[{"name":"wp","href":"https:\/\/api.w.org\/{rel}","templated":true}]}}